{"id":95,"date":"2017-09-04T11:52:31","date_gmt":"2017-09-04T09:52:31","guid":{"rendered":"http:\/\/www.dachforum-mv.de\/?page_id=95"},"modified":"2024-08-28T09:48:04","modified_gmt":"2024-08-28T07:48:04","slug":"dach-forum-mv","status":"publish","type":"page","link":"https:\/\/www.dachforum-mv.de\/","title":{"rendered":"Dach-Forum MV"},"content":{"rendered":"<div id='full_slider_1' class='avia-fullwidth-slider main_color avia-shadow   avia-builder-el-0  el_before_av_section  avia-builder-el-first  container_wrap fullsize' style=' '  ><div  data-size='no scaling'  data-lightbox_size='large'  data-animation='slide'  data-conditional_play=''  data-ids='80'  data-video_counter='0'  data-autoplay='true'  data-bg_slider='false'  data-slide_height=''  data-handle='av_slideshow_full'  data-interval='5'  data-class=' '  data-css_id=''  data-scroll_down=''  data-control_layout='av-control-default'  data-custom_markup=''  data-perma_caption=''  data-autoplay_stopper=''  data-image_attachment=''  data-min_height='0px'  data-src=''  data-position='top left'  data-repeat='no-repeat'  data-attach='scroll'  data-stretch=''  class='avia-slideshow avia-slideshow-1  av-control-default av-default-height-applied avia-slideshow-no scaling av_slideshow_full   avia-slide-slider '  itemprop=\"image\" itemscope=\"itemscope\" itemtype=\"https:\/\/schema.org\/ImageObject\" ><ul class='avia-slideshow-inner ' style='padding-bottom: 25%;' ><li  class=' av-single-slide slide-1 ' ><div data-rel='slideshow-1' class='avia-slide-wrap '   ><div class = \"caption_fullwidth av-slideshow-caption caption_center caption_center_framed caption_framed\"><div class = \"container caption_container\"><div class = \"slideshow_caption\"><div class = \"slideshow_inner_caption\"><div class = \"slideshow_align_caption\"><h2  style='font-size:40px; color:#ffffff; ' class='avia-caption-title  '  itemprop=\"name\" ><strong>Willkommen<\/strong> beim Dach-Forum MV<\/h2><div class='avia-caption-content  av_inherit_color'  itemprop=\"description\"   style='font-size:30px; '><p>F\u00fcr Profis in Planung und Praxis<\/p>\n<\/div><\/div><\/div><\/div><\/div><\/div><img src='https:\/\/www.dachforum-mv.de\/wp-content\/uploads\/2017\/06\/rostock.jpg' width='2000' height='500' title='rostock' alt=''  itemprop=\"thumbnailUrl\"   \/><\/div><\/li><\/ul><\/div><\/div>\n<div id='av_section_1' class='avia-section main_color avia-section-default avia-no-border-styling av-section-color-overlay-active avia-bg-style-fixed  avia-builder-el-1  el_after_av_slideshow_full  el_before_av_section   av-minimum-height av-minimum-height-25  container_wrap fullsize' style='background-color: #b02b2c; background-repeat: no-repeat; background-image: url(https:\/\/www.dachforum-mv.de\/wp-content\/uploads\/2017\/06\/dachzeichnung.png);background-attachment: fixed; background-position: bottom center;  '  data-section-bg-repeat='no-repeat' data-av_minimum_height_pc='25'><div class='av-section-color-overlay-wrap'><div class='av-section-color-overlay' style='opacity: 0.8; background-color: #b02b2c; '><\/div><div class='container' ><div class='template-page content  av-content-full alpha units'><div class='post-entry post-entry-type-page post-entry-95'><div class='entry-content-wrapper clearfix'>\n<div style='padding-bottom:10px; color:#ffffff;' class='av-special-heading av-special-heading-h1 custom-color-heading blockquote modern-quote modern-centered  avia-builder-el-2  el_before_av_textblock  avia-builder-el-first   '><h1 class='av-special-heading-tag '  itemprop=\"headline\"  >4. Dach-Forum MV am 05.November 2024<\/h1><div class='special-heading-border'><div class='special-heading-inner-border' style='border-color:#ffffff'><\/div><\/div><\/div>\n<section class=\"av_textblock_section \"  itemscope=\"itemscope\" itemtype=\"https:\/\/schema.org\/CreativeWork\" ><div class='avia_textblock  av_inherit_color '  style='color:#ffffff; '  itemprop=\"text\" ><p style=\"text-align: center;\">Die Anforderungen an die Planung und Umsetzung von Bauprojekten unterliegen einem kontinuierlichen Wandel und wachsen in einem rasanten Tempo. Besonders im Bereich des Dach-, Wand- und Fassadenbaus nimmt die Komplexit\u00e4t der Herausforderungen eine herausragende Stellung ein. Neben den erforderlichen fachlichen Kenntnissen m\u00fcssen auch wirtschaftliche Rahmenbedingungen, die derzeit von zahlreichen Faktoren gepr\u00e4gt sind, sorgf\u00e4ltig ber\u00fccksichtigt werden.<\/p>\n<p style=\"text-align: center;\">Das DACH-FORUM MV bietet eine hervorragende Plattform f\u00fcr den Austausch von Fachwissen und Erfahrungen. Hier kommen Dachdecker, Zimmerer und Klempner zusammen, um aktuelle Fragen zur wirtschaftlichen und fachlichen Entwicklung umfassend zu er\u00f6rtern. Nutzen Sie die Gelegenheit, sich mit Gleichgesinnten zu vernetzen und wertvolle Einblicke in Best Practices der Branche zu gewinnen.<\/p>\n<p style=\"text-align: center;\">Eine Beteiligung am DACH-FORUM MV er\u00f6ffnet Ihnen nicht nur die M\u00f6glichkeit, Ihre Kenntnisse zu erweitern, sondern auch potenzielle Gesch\u00e4ftschancen zu realisieren. Nutzen Sie diese Gelegenheit, um Ihr Netzwerk zu erweitern und neue Perspektiven f\u00fcr Ihre zuk\u00fcnftigen Vorhaben zu gewinnen. Wir freuen uns darauf, gemeinsam mit Ihnen innovative L\u00f6sungen zu entwickeln und Ihre Projekte zum Erfolg zu f\u00fchren.<\/p>\n<p style=\"text-align: center;\"><strong>Ihr F\u00f6rderkreis Dachdeckerhandwerk MV<\/strong><\/p>\n<\/div><\/section>\n\n<\/div><\/div><\/div><!-- close content main div --><\/div><\/div><\/div><div id='plan' class='avia-section main_color avia-section-default avia-no-border-styling avia-bg-style-scroll  avia-builder-el-4  el_after_av_section  el_before_av_section   container_wrap fullsize' style='background-color: #f6f6f6;  '  ><div class='container' ><div class='template-page content  av-content-full alpha units'><div class='post-entry post-entry-type-page post-entry-95'><div class='entry-content-wrapper clearfix'>\n<div style='padding-bottom:10px; ' class='av-special-heading av-special-heading-h2  blockquote modern-quote modern-centered  avia-builder-el-5  el_before_av_catalogue  avia-builder-el-first   '><h2 class='av-special-heading-tag '  itemprop=\"headline\"  >Der Veranstaltungsplan zum 4. Dach-Forum MV am 5. November 2024 in G\u00fcstrow<\/h2><div class='special-heading-border'><div class='special-heading-inner-border' ><\/div><\/div><\/div>\n<div class='av-catalogue-container   avia-builder-el-6  el_after_av_heading  el_before_av_button  '><ul class='av-catalogue-list'>\n<li><div class='av-catalogue-item'><div class='av-catalogue-item-inner'><div class='av-catalogue-title-container'><div class='av-catalogue-title'>Empfang und Imbiss im Foyer<\/div><div class='av-catalogue-price'>8.30 Uhr<\/div><\/div><div class='av-catalogue-content'><\/div><\/div><\/div><\/li>\n<li><div class='av-catalogue-item'><div class='av-catalogue-item-inner'><div class='av-catalogue-title-container'><div class='av-catalogue-title'>Begr\u00fc\u00dfung<\/div><div class='av-catalogue-price'>9.00 Uhr<\/div><\/div><div class='av-catalogue-content'><\/div><\/div><\/div><\/li>\n<li><div class='av-catalogue-item'><div class='av-catalogue-item-inner'><div class='av-catalogue-title-container'><div class='av-catalogue-title'>Dach- und Fassadenbegr\u00fcnung<br \/>\nGrundlagen, zielgerichtete L\u00f6sungen und F\u00f6rderm\u00f6glichkeiten<\/div><div class='av-catalogue-price'>9.05 Uhr<\/div><\/div><div class='av-catalogue-content'>\n<em>Felix Mollenhauer \u2013 Bundesverband Geb\u00e4udeGr\u00fcn e.V., Berlin,<\/em><br \/>\n<\/div><\/div><\/div><\/li>\n<li><div class='av-catalogue-item'><div class='av-catalogue-item-inner'><div class='av-catalogue-title-container'><div class='av-catalogue-title'>Dachentw\u00e4sserung unter ver\u00e4nderten Klimabedingungen<br \/>\nKlima im Wandel - Planen, Systeme, Einsatzbereiche und Sicherheit<\/div><div class='av-catalogue-price'>10.00 Uhr<\/div><\/div><div class='av-catalogue-content'>\n<em>Peter Nowak \u2013<\/em> <em>\u00a0Fleck GmbH, Datteln<\/em><br \/>\n<\/div><\/div><\/div><\/li>\n<li><div class='av-catalogue-item'><div class='av-catalogue-item-inner'><div class='av-catalogue-title-container'><div class='av-catalogue-title'>Kaffeepause<\/div><div class='av-catalogue-price'>10.45 Uhr<\/div><\/div><div class='av-catalogue-content'><\/div><\/div><\/div><\/li>\n<li><div class='av-catalogue-item'><div class='av-catalogue-item-inner'><div class='av-catalogue-title-container'><div class='av-catalogue-title'>Aktuelles aus dem Baurecht<br \/>\nGerichtsentscheide zur Bedenkenanmeldung, Bauabnahme etc.<\/div><div class='av-catalogue-price'>11.00 Uhr<\/div><\/div><div class='av-catalogue-content'>\n<em>Dr. Frank Biermann, Jurist und Gesch\u00e4ftsf\u00fchrer LIV Niedersachsen-Bremen<\/em><br \/>\n<\/div><\/div><\/div><\/li>\n<li><div class='av-catalogue-item'><div class='av-catalogue-item-inner'><div class='av-catalogue-title-container'><div class='av-catalogue-title'>Digitale Zeiterfassungs- und Managementsysteme<br \/>\nEinsatzplanung f\u00fcr die Baustelle - es war noch nie so leicht!<\/div><div class='av-catalogue-price'>11.45 Uhr<\/div><\/div><div class='av-catalogue-content'>\n<em>Marvin Fink \u2013 Artesa GmbH, Rostock<\/em><br \/>\n<\/div><\/div><\/div><\/li>\n<li><div class='av-catalogue-item'><div class='av-catalogue-item-inner'><div class='av-catalogue-title-container'><div class='av-catalogue-title'>Mittagspause<\/div><div class='av-catalogue-price'>12.30 Uhr<\/div><\/div><div class='av-catalogue-content'><\/div><\/div><\/div><\/li>\n<li><div class='av-catalogue-item'><div class='av-catalogue-item-inner'><div class='av-catalogue-title-container'><div class='av-catalogue-title'>(Provokante) Gedanken \u00fcber die Angst von Handwerk,<br \/>\nHandel und Industrie vor der \u201eGeneration Z\u201c<\/div><div class='av-catalogue-price'>13.15 Uhr<\/div><\/div><div class='av-catalogue-content'>\n<em>Hans-Ulrich Kainzinger \u2013 Enke GmbH &amp; Co. KG, D\u00fcsseldorf<\/em><br \/>\n<\/div><\/div><\/div><\/li>\n<li><div class='av-catalogue-item'><div class='av-catalogue-item-inner'><div class='av-catalogue-title-container'><div class='av-catalogue-title'>Dachfenster \u2013 richtig angeschlossen?<br \/>\nEinbau und Austausch von Dachfenstern unter Ber\u00fccksichtigung der aktuellen Anforderungen<\/div><div class='av-catalogue-price'>14.00 Uhr<\/div><\/div><div class='av-catalogue-content'>\nAnforderungen, <em>Ralf Junge \u2013 Fachberater VELUX Deutschland GmbH, Hamburg<\/em><br \/>\n<\/div><\/div><\/div><\/li>\n<li><div class='av-catalogue-item'><div class='av-catalogue-item-inner'><div class='av-catalogue-title-container'><div class='av-catalogue-title'>Kaffeepause<\/div><div class='av-catalogue-price'>14.45 Uhr<\/div><\/div><div class='av-catalogue-content'><\/div><\/div><\/div><\/li>\n<li><div class='av-catalogue-item'><div class='av-catalogue-item-inner'><div class='av-catalogue-title-container'><div class='av-catalogue-title'>Cyberkriminalit\u00e4t \u2013 Es kann jeden jederzeit treffen<\/div><div class='av-catalogue-price'>15.00 Uhr<\/div><\/div><div class='av-catalogue-content'>\n<em>Dr. Marek Petrovs \u2013 VHV Versicherungen, Hannover<\/em><br \/>\n<\/div><\/div><\/div><\/li>\n<li><div class='av-catalogue-item'><div class='av-catalogue-item-inner'><div class='av-catalogue-title-container'><div class='av-catalogue-title'>Tombola-Auslosung<\/div><div class='av-catalogue-price'>15.30 Uhr<\/div><\/div><div class='av-catalogue-content'><\/div><\/div><\/div><\/li>\n<\/ul><\/div>\n<div class='avia-button-wrap avia-button-center  avia-builder-el-7  el_after_av_catalogue  avia-builder-el-last  '><a href='\/wp-content\/uploads\/Tagungsprogramm-Dachforum-2024.pdf'  class='avia-button   avia-icon_select-yes-left-icon avia-color-theme-color avia-size-medium avia-position-center '  target=\"_blank\"   ><span class='avia_button_icon avia_button_icon_left ' aria-hidden='true' data-av_icon='\ue84b' data-av_iconfont='entypo-fontello'><\/span><span class='avia_iconbox_title' >Hier k\u00f6nnen Sie sich den Veranstaltungsplan 2024 als PDF Dokument herunterladen.<\/span><\/a><\/div>\n\n<\/div><\/div><\/div><!-- close content main div --><\/div><\/div><div id='info' class='avia-section main_color avia-section-large avia-no-border-styling av-parallax-section av-section-color-overlay-active avia-bg-style-parallax  avia-builder-el-8  el_after_av_section  el_before_av_section   container_wrap fullsize' style=' '  data-section-bg-repeat='no-repeat'><div class='av-parallax' data-avia-parallax-ratio='0.3' ><div class='av-parallax-inner main_color  avia-full-stretch' style = 'background-repeat: no-repeat; background-image: url(https:\/\/www.dachforum-mv.de\/wp-content\/uploads\/dachforum-info.jpg);background-attachment: scroll; background-position: center center; ' ><\/div><\/div><div class='av-section-color-overlay-wrap'><div class='av-section-color-overlay' style='opacity: 0.3; background-color: #000000; '><\/div><div class='container' ><div class='template-page content  av-content-full alpha units'><div class='post-entry post-entry-type-page post-entry-95'><div class='entry-content-wrapper clearfix'>\n<div style='padding-bottom:10px; color:#ffffff;' class='av-special-heading av-special-heading-h2 custom-color-heading blockquote modern-quote modern-centered  avia-builder-el-9  el_before_av_textblock  avia-builder-el-first   '><h2 class='av-special-heading-tag '  itemprop=\"headline\"  >Informationen zum 4. Dach-Forum MV<\/h2><div class='special-heading-border'><div class='special-heading-inner-border' style='border-color:#ffffff'><\/div><\/div><\/div>\n<section class=\"av_textblock_section \"  itemscope=\"itemscope\" itemtype=\"https:\/\/schema.org\/CreativeWork\" ><div class='avia_textblock  av_inherit_color '  style='font-size:19px; color:#ffffff; '  itemprop=\"text\" ><p style=\"text-align: left;\"><strong>Veranstaltungsort:<\/strong> Kurhaus am Inselsee | Heidberg 1, 18273 G\u00fcstrow<br \/>\n<strong>Anfahrt und Parken:<\/strong> Das Kurhaus am Inselsee ist aus Richtung Schwerin, Rostock oder Teterow \u00fcber die B 104 zu erreichen und liegt verkehrsg\u00fcnstig an der Kreuzung beim Spa\u00dfbad \u201eOase\u201c. Von dort ist das Hotel ausgeschildert.<\/p>\n<p><strong>Tagungsgeb\u00fchr:<br \/>\n<\/strong>Mitglieder 115,00 \u20ac\/Person zzgl. 19 % MwSt. \/ Nichtmitglieder 145,00 \u20ac\/Person zzgl. 19 % MwSt.<br \/>\nSie beinhaltet die Verpflegung, Tagungsunterlagen und ein Zertifikat.<\/p>\n<p><strong>Von Seiten der Architektenkammer Mecklenburg-Vorpommern ist das DACH-FORUM 2024 mit 7 Punkten \u00e1 45 Minuten als Fortbildung anerkannt.<\/strong><\/p>\n<\/div><\/section>\n\n<\/div><\/div><\/div><!-- close content main div --><\/div><\/div><\/div><div id='anmeldung' class='avia-section main_color avia-section-default avia-no-shadow avia-bg-style-scroll  avia-builder-el-11  el_after_av_section  el_before_av_section    container_wrap fullsize' style=' '  ><div class='container' ><div class='template-page content  av-content-full alpha units'><div class='post-entry post-entry-type-page post-entry-95'><div class='entry-content-wrapper clearfix'>\n<div style='padding-bottom:10px; ' class='av-special-heading av-special-heading-h2  blockquote modern-quote modern-centered  avia-builder-el-12  el_before_av_codeblock  avia-builder-el-first   '><h2 class='av-special-heading-tag '  itemprop=\"headline\"  >Hier k\u00f6nnen Sie Ihre Teilnehmer zum Dachforum anmelden.<\/h2><div class='special-heading-border'><div class='special-heading-inner-border' ><\/div><\/div><\/div>\n\n\n<\/div><\/div><\/div><!-- close content main div --><\/div><\/div><div id='ort' class='avia-section main_color avia-section-default avia-no-shadow avia-bg-style-scroll  avia-builder-el-14  el_after_av_section  el_before_av_codeblock    container_wrap fullsize' style=' '  ><div class='container' ><div class='template-page content  av-content-full alpha units'><div class='post-entry post-entry-type-page post-entry-95'><div class='entry-content-wrapper clearfix'>\n<div style='padding-bottom:10px; ' class='av-special-heading av-special-heading-h2  blockquote modern-quote modern-centered  avia-builder-el-15  avia-builder-el-no-sibling   '><h2 class='av-special-heading-tag '  itemprop=\"headline\"  >Hier finden Sie den Veranstaltungsort<\/h2><div class='special-heading-border'><div class='special-heading-inner-border' ><\/div><\/div><\/div>\n<\/div><\/div><\/div><!-- close content main div --><\/div><\/div><div id='after_section_5' class='main_color av_default_container_wrap container_wrap fullsize' style=' '  ><div class='container' ><div class='template-page content  av-content-full alpha units'><div class='post-entry post-entry-type-page post-entry-95'><div class='entry-content-wrapper clearfix'>\n\n","protected":false},"excerpt":{"rendered":"","protected":false},"author":1,"featured_media":0,"parent":0,"menu_order":0,"comment_status":"closed","ping_status":"closed","template":"","meta":{"footnotes":""},"class_list":["post-95","page","type-page","status-publish","hentry"],"_links":{"self":[{"href":"https:\/\/www.dachforum-mv.de\/index.php\/wp-json\/wp\/v2\/pages\/95"}],"collection":[{"href":"https:\/\/www.dachforum-mv.de\/index.php\/wp-json\/wp\/v2\/pages"}],"about":[{"href":"https:\/\/www.dachforum-mv.de\/index.php\/wp-json\/wp\/v2\/types\/page"}],"author":[{"embeddable":true,"href":"https:\/\/www.dachforum-mv.de\/index.php\/wp-json\/wp\/v2\/users\/1"}],"replies":[{"embeddable":true,"href":"https:\/\/www.dachforum-mv.de\/index.php\/wp-json\/wp\/v2\/comments?post=95"}],"version-history":[{"count":91,"href":"https:\/\/www.dachforum-mv.de\/index.php\/wp-json\/wp\/v2\/pages\/95\/revisions"}],"predecessor-version":[{"id":263,"href":"https:\/\/www.dachforum-mv.de\/index.php\/wp-json\/wp\/v2\/pages\/95\/revisions\/263"}],"wp:attachment":[{"href":"https:\/\/www.dachforum-mv.de\/index.php\/wp-json\/wp\/v2\/media?parent=95"}],"curies":[{"name":"wp","href":"https:\/\/api.w.org\/{rel}","templated":true}]}}